{"id":348,"date":"2015-01-22T13:37:00","date_gmt":"2015-01-22T12:37:00","guid":{"rendered":"https:\/\/www.eguzkilorejoya.com\/eguzkiboda\/?post_type=product&#038;p=348"},"modified":"2019-05-26T12:47:06","modified_gmt":"2019-05-26T10:47:06","slug":"pendientes-novia-9eb20002","status":"publish","type":"product","link":"https:\/\/www.eguzkilorejoya.com\/eguzkiboda\/joya\/pendientes\/pendientes-novia-9eb20002","title":{"rendered":"Pendientes 9EB20002"},"content":{"rendered":"<p>Pendientes de novia de Eguzkiboda estilo Art Dec\u00f3 con l\u00edneas geom\u00e9tricas, en plata de ley y cubiertos de cristales Swarovski.<\/p>\n<p>Medida: 4,5cm de largo total.<\/p>\n","protected":false},"excerpt":{"rendered":"<p>Pendientes de novia de Eguzkiboda estilo Art Dec\u00f3 con l\u00edneas geom\u00e9tricas, en plata de ley y cubiertos de cristales Swarovski.<\/p>\n","protected":false},"featured_media":349,"comment_status":"closed","ping_status":"closed","template":"","meta":{"ngg_post_thumbnail":0},"_links":{"self":[{"href":"https:\/\/www.eguzkilorejoya.com\/eguzkiboda\/wp-json\/wp\/v2\/product\/348"}],"collection":[{"href":"https:\/\/www.eguzkilorejoya.com\/eguzkiboda\/wp-json\/wp\/v2\/product"}],"about":[{"href":"https:\/\/www.eguzkilorejoya.com\/eguzkiboda\/wp-json\/wp\/v2\/types\/product"}],"replies":[{"embeddable":true,"href":"https:\/\/www.eguzkilorejoya.com\/eguzkiboda\/wp-json\/wp\/v2\/comments?post=348"}],"wp:featuredmedia":[{"embeddable":true,"href":"https:\/\/www.eguzkilorejoya.com\/eguzkiboda\/wp-json\/wp\/v2\/media\/349"}],"wp:attachment":[{"href":"https:\/\/www.eguzkilorejoya.com\/eguzkiboda\/wp-json\/wp\/v2\/media?parent=348"}],"curies":[{"name":"wp","href":"https:\/\/api.w.org\/{rel}","templated":true}]}}