{"id":2115,"date":"2020-06-10T14:30:28","date_gmt":"2020-06-10T12:30:28","guid":{"rendered":"https:\/\/www.eguzkilorejoya.com\/eguzkiboda\/?post_type=product&#038;p=2115"},"modified":"2021-05-05T12:56:11","modified_gmt":"2021-05-05T10:56:11","slug":"alianza-carbono-negro-oro-rosa-y-diamantes","status":"publish","type":"product","link":"https:\/\/www.eguzkilorejoya.com\/eguzkiboda\/joya\/alianzas-boda\/alianza-carbono-negro-oro-rosa-y-diamantes","title":{"rendered":"Alianza Carbono Negro-Oro Rosa y Diamantes"},"content":{"rendered":"<p>Alianza Carbono Negro, Oro Rosa de 14 kts y Diamantes.<\/p>\n<p>Tiene un ancho de 6 mm y un grosor de 2,5 mm.<\/p>\n<p>Los diamantes tienen un peso de 0\u00b403 cts.<\/p>\n<p>Se puede personalizar variando el ancho de la alianza o&nbsp; modificando los Diamantes.<\/p>\n<p>La tipograf\u00eda se puede elegir entre varios tipos de letra, siempre adapt\u00e1ndonos a la que m\u00e1s os guste y m\u00e1s cerca este de vuestra personalidad, es un regalo que hacemos desde Eguzkilore y tambi\u00e9n una<b>&nbsp;<\/b>Agenda de Novios para ir apuntando todos los detalles de la organizaci\u00f3n de la boda, detalles como cuando tienes citas con proveedores, prueba de peinado, prueba de maquillaje, la lista de invitados, los tiempos para que no se os olvide nada importante.<\/p>\n<p>Todo ello va con un packaging exclusivo de Eguzkiboda.<b> <\/b><\/p>\n<p>El plazo estimado de entrega es de 4 semanas aproximadamente.<\/p>\n<p>Al final este tipo de sortija es una se\u00f1a de identidad con car\u00e1cter y sobriedad.<\/p>\n<p>Ideal para chicas que no quieren llevar el cl\u00e1sico anillo de boda, y que con esta joya le dan a su imagen un toque de elegancia con modernidad.<\/p>\n<p>Es un anillo que se adapta muy bien al dedo porque en su interior la forma es curva, cosa que resulta muy c\u00f3moda cuando llevas bolsas.<\/p>\n<p>Es de una de nuestras firmas internacionales, Tit\u00e1n Factory tiene un gran reconocimiento en el mundo de la joyer\u00eda moderna y es una de las marcas Alemanas con m\u00e1s renombre a nivel Europeo.<\/p>\n<p>Si quer\u00e9is verlas, solo ten\u00e9is que solicitar cita previa y os las podr\u00e9is probar sin ning\u00fan compromiso en cualquiera de nuestras tiendas dentro de las tres provincias Vascas, Bilbao, Vitoria-Gasteiz, Donostia-San Sebastian.<\/p>\n<p>Dejo enlace de nuestras tiendas para que os pong\u00e1is en contacto con nosotros:<\/p>\n<p><a href=\"https:\/\/www.eguzkilorejoya.com\/joyerias\">https:\/\/www.eguzkilorejoya.com\/joyerias<\/a>.<\/p>\n<p>Estaremos encantados de conoceros!!<\/p>\n","protected":false},"excerpt":{"rendered":"<p>Alianza Carbono Negro, Oro Rosa de 14 kts y Diamantes.<\/p>\n<p>Tiene un ancho de 6 mm y un grosor de 2,5 mm.<\/p>\n<p>Los diamantes tienen un peso de 0\u00b403 cts.<\/p>\n","protected":false},"featured_media":2116,"comment_status":"open","ping_status":"closed","template":"","meta":{"ngg_post_thumbnail":0},"_links":{"self":[{"href":"https:\/\/www.eguzkilorejoya.com\/eguzkiboda\/wp-json\/wp\/v2\/product\/2115"}],"collection":[{"href":"https:\/\/www.eguzkilorejoya.com\/eguzkiboda\/wp-json\/wp\/v2\/product"}],"about":[{"href":"https:\/\/www.eguzkilorejoya.com\/eguzkiboda\/wp-json\/wp\/v2\/types\/product"}],"replies":[{"embeddable":true,"href":"https:\/\/www.eguzkilorejoya.com\/eguzkiboda\/wp-json\/wp\/v2\/comments?post=2115"}],"wp:featuredmedia":[{"embeddable":true,"href":"https:\/\/www.eguzkilorejoya.com\/eguzkiboda\/wp-json\/wp\/v2\/media\/2116"}],"wp:attachment":[{"href":"https:\/\/www.eguzkilorejoya.com\/eguzkiboda\/wp-json\/wp\/v2\/media?parent=2115"}],"curies":[{"name":"wp","href":"https:\/\/api.w.org\/{rel}","templated":true}]}}