{"id":2113,"date":"2020-06-10T14:02:12","date_gmt":"2020-06-10T12:02:12","guid":{"rendered":"https:\/\/www.eguzkilorejoya.com\/eguzkiboda\/?post_type=product&#038;p=2113"},"modified":"2020-06-10T14:13:26","modified_gmt":"2020-06-10T12:13:26","slug":"alianza-carbono-negro-y-titanio","status":"publish","type":"product","link":"https:\/\/www.eguzkilorejoya.com\/eguzkiboda\/joya\/alianzas-boda\/alianza-carbono-negro-y-titanio","title":{"rendered":"Alianza Carbono Negro y Titanio"},"content":{"rendered":"<p>Alianza Carbono Negro en el exterior y Titanio en el interior.&nbsp;<\/p>\n<p>Tiene un ancho de 7 mm y un grosor de 2,5 mm.<\/p>\n<p>Se puede personalizar variando el ancho de la alianza o poni\u00e9ndole un Brillante si se quiere.<\/p>\n<p>La tipograf\u00eda se puede elegir entre varios tipos de letra, siempre adapt\u00e1ndonos a la que m\u00e1s os guste y m\u00e1s cerca este de vuestra personalidad, es un regalo que hacemos desde Eguzkilore y tambi\u00e9n una<b>&nbsp;<\/b>Agenda de Novios para ir apuntando todos los detalles de la organizaci\u00f3n de la boda, detalles como cuando tienes citas con proveedores, prueba de peinado, prueba de maquillaje, la lista de invitados, los tiempos para que no se os olvide nada importante.<\/p>\n<p>Todo ello va con un packaging exclusivo de Eguzkiboda.<b> <\/b><\/p>\n<p>El plazo estimado de entrega es de 4 semanas.<\/p>\n<p>Al final este tipo de sortija es una se\u00f1a de identidad con car\u00e1cter y sobriedad.<\/p>\n<p>Ideal para chicas o chicos que no quieren llevar el cl\u00e1sico anillo de boda, y que con esta joya le dan a su imagen un toque de elegancia con modernidad.<\/p>\n<p>Es un anillo que se adapta muy bien al dedo porque en su interior la forma es curva, cosa que resulta muy c\u00f3moda cuando llevas bolsas.<\/p>\n<p>Es de una de nuestras firmas internacionales, Tit\u00e1n Factory tiene un gran reconocimiento en el mundo de la joyer\u00eda moderna y es una de las marcas Alemanas con m\u00e1s renombre a nivel Europeo.<\/p>\n<p>Si quer\u00e9is verlas, solo ten\u00e9is que solicitar cita previa y os las podr\u00e9is probar sin ning\u00fan compromiso en cualquiera de nuestras tiendas dentro de las tres provincias Vascas, Bilbao, Vitoria-Gasteiz, Donostia.<\/p>\n<p>Dejo enlace de nuestras tiendas para que os pong\u00e1is en contacto con nosotros:<\/p>\n<p><a href=\"https:\/\/www.eguzkilorejoya.com\/joyerias\">https:\/\/www.eguzkilorejoya.com\/joyerias<\/a>.<\/p>\n<p>Estaremos encantados de conoceros!!<\/p>\n","protected":false},"excerpt":{"rendered":"<p>Alianza Carbono Negro en el exterior y Titanio en el interior.&nbsp; Tiene un ancho de 7 mm y un grosor de 2,5 mm. Se puede personalizar variando el ancho de la alianza o poni\u00e9ndole un Brillante si se quiere. La tipograf\u00eda se puede elegir entre varios tipos de letra, siempre adapt\u00e1ndonos a la que m\u00e1s [&hellip;]<\/p>\n","protected":false},"featured_media":2114,"comment_status":"open","ping_status":"closed","template":"","meta":{"ngg_post_thumbnail":0},"_links":{"self":[{"href":"https:\/\/www.eguzkilorejoya.com\/eguzkiboda\/wp-json\/wp\/v2\/product\/2113"}],"collection":[{"href":"https:\/\/www.eguzkilorejoya.com\/eguzkiboda\/wp-json\/wp\/v2\/product"}],"about":[{"href":"https:\/\/www.eguzkilorejoya.com\/eguzkiboda\/wp-json\/wp\/v2\/types\/product"}],"replies":[{"embeddable":true,"href":"https:\/\/www.eguzkilorejoya.com\/eguzkiboda\/wp-json\/wp\/v2\/comments?post=2113"}],"wp:featuredmedia":[{"embeddable":true,"href":"https:\/\/www.eguzkilorejoya.com\/eguzkiboda\/wp-json\/wp\/v2\/media\/2114"}],"wp:attachment":[{"href":"https:\/\/www.eguzkilorejoya.com\/eguzkiboda\/wp-json\/wp\/v2\/media?parent=2113"}],"curies":[{"name":"wp","href":"https:\/\/api.w.org\/{rel}","templated":true}]}}