{"id":2110,"date":"2020-06-10T11:56:23","date_gmt":"2020-06-10T09:56:23","guid":{"rendered":"https:\/\/www.eguzkilorejoya.com\/eguzkiboda\/?post_type=product&#038;p=2110"},"modified":"2020-06-10T14:13:57","modified_gmt":"2020-06-10T12:13:57","slug":"alianza-carbono-negro-titanio-y-diamante-alemanas","status":"publish","type":"product","link":"https:\/\/www.eguzkilorejoya.com\/eguzkiboda\/joya\/alianzas-boda\/alianza-carbono-negro-titanio-y-diamante-alemanas","title":{"rendered":"Alianza Carbono Negro,Titanio y Diamante"},"content":{"rendered":"<p>Alianza Carbono Negro&nbsp; y un diamante por el exterior, el interior es de Titanio.<\/p>\n<p>Tiene un ancho de 7 mm y un grosor de 2,5 mm.<\/p>\n<p>El diamante es de 0\u00b403 cts.<\/p>\n<p>Se puede personalizar variando el ancho de la alianza y poniendo diferente tama\u00f1o de Diamante.<\/p>\n<p>La tipograf\u00eda se puede elegir entre varios tipos de letra, siempre adapt\u00e1ndonos a la que mas os guste y mas cerca este de vuestra personalidad, es un regalo que hacemos desde Eguzkilore y tambien una<b>&nbsp;<\/b>Agenda de Novios para ir apuntando todos los detalles de la organizaci\u00f3n de la boda, detalles como cuando tienes citas con proveedores, prueba de peinado,prueba de maquillaje,la lista de invitados,los tiempos para que no se te olvide nada importante.<\/p>\n<p>Todo ello va con un packaging exclusivo de Eguzkiboda.<b> <\/b><\/p>\n<p>El plazo estimado de entrega es de 4 semanas.<\/p>\n<p>Al final este tipo de sortija es una se\u00f1a de identidad con car\u00e1cter y sobriedad.<\/p>\n<p>Ideal para chicas que no quieren llevar el cl\u00e1sico anillo de boda, y que con esta joya le dan a su imagen un toque de elegancia con modernidad.<\/p>\n<p>Es un anillo que se adapta muy bien al dedo porque en su interior la forma es curva, cosa que resulta muy c\u00f3moda cuando llevas bolsas.<\/p>\n<p>Es de una de nuestras firmas internacionales, Titan Factory tiene un gran reconocimiento en el mundo de la joyer\u00eda moderna y es una de las marcas Alemanas con mas renombre a nivel Europeo.<\/p>\n<p>Si quer\u00e9is verlas, solo ten\u00e9is que solicitar cita previa y os las podr\u00e9is probar sin ning\u00fan compromiso en cualquiera de nuestras tiendas dentro de las tres provincias Vascas, Bilbao, Vitoria-Gasteiz, Donostia.<\/p>\n<p>Dejo enlace de nuestras tiendas para que os pong\u00e1is en contacto con nosotros:<\/p>\n<p><a href=\"https:\/\/www.eguzkilorejoya.com\/joyerias\">https:\/\/www.eguzkilorejoya.com\/joyerias<\/a>.<\/p>\n<p>Estaremos encantados de conoceros!!<\/p>\n<p>&nbsp;<\/p>\n<p>&nbsp;<\/p>\n<p>&nbsp;<\/p>\n<p>&nbsp;<\/p>\n<p>&nbsp;<\/p>\n<p>&nbsp;<\/p>\n","protected":false},"excerpt":{"rendered":"<p>Alianza Carbono Negro&nbsp; y un diamante por el exterior, Titanio en el interior.<\/p>\n<p>Tiene un ancho de 7 mm y un grosor de 2,5 mm.<\/p>\n<p>Tiene un diamante de 0\u00b4030cts.<\/p>\n","protected":false},"featured_media":2111,"comment_status":"open","ping_status":"closed","template":"","meta":{"ngg_post_thumbnail":0},"_links":{"self":[{"href":"https:\/\/www.eguzkilorejoya.com\/eguzkiboda\/wp-json\/wp\/v2\/product\/2110"}],"collection":[{"href":"https:\/\/www.eguzkilorejoya.com\/eguzkiboda\/wp-json\/wp\/v2\/product"}],"about":[{"href":"https:\/\/www.eguzkilorejoya.com\/eguzkiboda\/wp-json\/wp\/v2\/types\/product"}],"replies":[{"embeddable":true,"href":"https:\/\/www.eguzkilorejoya.com\/eguzkiboda\/wp-json\/wp\/v2\/comments?post=2110"}],"wp:featuredmedia":[{"embeddable":true,"href":"https:\/\/www.eguzkilorejoya.com\/eguzkiboda\/wp-json\/wp\/v2\/media\/2111"}],"wp:attachment":[{"href":"https:\/\/www.eguzkilorejoya.com\/eguzkiboda\/wp-json\/wp\/v2\/media?parent=2110"}],"curies":[{"name":"wp","href":"https:\/\/api.w.org\/{rel}","templated":true}]}}