{"id":1791,"date":"2019-08-29T16:00:36","date_gmt":"2019-08-29T14:00:36","guid":{"rendered":"https:\/\/www.eguzkilorejoya.com\/eguzkiboda\/?post_type=product&#038;p=1791"},"modified":"2020-03-30T17:40:32","modified_gmt":"2020-03-30T15:40:32","slug":"alianza-d8418","status":"publish","type":"product","link":"https:\/\/www.eguzkilorejoya.com\/eguzkiboda\/joya\/alianzas-boda\/zuluaga-alianzas-artesanales\/alianza-d8418","title":{"rendered":"Alianza Artesanal Platino Clasica Oro Blanco"},"content":{"rendered":"<p>Alianza realizada de forma artesanal en platino, por nuestro Maestro Joyero Ander Zuluaga,segunda generaci\u00f3n de Joyeros Artesanos, un ver trabajar y hacer bien las cosas con una trayectoria de mas de 50 a\u00f1os de experiencia en el sector de la joyer\u00eda de su padre Isidor Zuluaga.<br \/>\nUno de los pocos artesanos especializados en el tratamiento del platino en Euskadi y con tiendas fisicas en todo el territorio vasco.<\/p>\n<p>Concretamente este modelo tiene un tama\u00f1o: 3,5 mm de ancho x 2 mm de alto.<br \/>\nCon ba\u00f1o de Oro Blanco para un color mas brillante.<\/p>\n<p>Elaboraci\u00f3n artesanal y personal,con disponibilidad de diferentes anchos,colores y altos,siempre adapt\u00e1ndose a las necesidades y gustos de los clientes, con la intenci\u00f3n de conseguir lo so\u00f1ado por nuestros clientes.<br \/>\nSe recomienda concertar cita en la tienda con una semana de antelaci\u00f3n para poder estar y poder ser atendidos por el en persona.<br \/>\nTiempo de entrega son 4 semanas mas menos, aunque siempre se intenta ayudar tambi\u00e9n a esos novios que vienen tarde y con poco tiempo.<\/p>\n<p>Las alianzas de platino son alianzas muy resistentes y de uno de los materiales mas duros en el gremio de la joyer\u00eda.<br \/>\nCon el paso del tiempo, su color no suele variar, lo que si varia es que se rayan quiz\u00e1s un poco m\u00e1s que unas alianzas de oro.<br \/>\nNuestras alianzas artesanales se entregan con certificado de Garantia personalizado.<\/p>\n","protected":false},"excerpt":{"rendered":"<p>Alianza realizada de forma artesanal en platino puro.<\/p>\n<p>Tama\u00f1o: 3,5 mm de ancho x 2 mm de alto.<\/p>\n<p>Elaboraci\u00f3n artesanal y personal, con disponibilidad de diferentes anchos,colores y altos.<\/p>\n<p>Tiempo de entrega 4 semanas<\/p>\n","protected":false},"featured_media":1792,"comment_status":"open","ping_status":"closed","template":"","meta":{"ngg_post_thumbnail":0},"_links":{"self":[{"href":"https:\/\/www.eguzkilorejoya.com\/eguzkiboda\/wp-json\/wp\/v2\/product\/1791"}],"collection":[{"href":"https:\/\/www.eguzkilorejoya.com\/eguzkiboda\/wp-json\/wp\/v2\/product"}],"about":[{"href":"https:\/\/www.eguzkilorejoya.com\/eguzkiboda\/wp-json\/wp\/v2\/types\/product"}],"replies":[{"embeddable":true,"href":"https:\/\/www.eguzkilorejoya.com\/eguzkiboda\/wp-json\/wp\/v2\/comments?post=1791"}],"wp:featuredmedia":[{"embeddable":true,"href":"https:\/\/www.eguzkilorejoya.com\/eguzkiboda\/wp-json\/wp\/v2\/media\/1792"}],"wp:attachment":[{"href":"https:\/\/www.eguzkilorejoya.com\/eguzkiboda\/wp-json\/wp\/v2\/media?parent=1791"}],"curies":[{"name":"wp","href":"https:\/\/api.w.org\/{rel}","templated":true}]}}