{"id":1777,"date":"2018-06-26T14:06:56","date_gmt":"2018-06-26T12:06:56","guid":{"rendered":"https:\/\/www.eguzkilorejoya.com\/eguzkiboda\/?post_type=product&#038;p=1777"},"modified":"2024-10-23T18:00:27","modified_gmt":"2024-10-23T16:00:27","slug":"sortija-doble-chaton-1br0842","status":"publish","type":"product","link":"https:\/\/www.eguzkilorejoya.com\/eguzkiboda\/joya\/sortijas-pedida\/sortija-doble-chaton-1br0842","title":{"rendered":"Sortija Oro Blanco Artesanal Doble Chat\u00f3n"},"content":{"rendered":"<p>Sortija solitario de doble chat\u00f3n con diamante talla brillante, elaborado en oro blanco paladiado de primera ley. Elaboraci\u00f3n artesanal.<\/p>\n<p>0,12 GVS.<\/p>\n<p>&nbsp;<\/p>\n","protected":false},"excerpt":{"rendered":"<p>Sortija solitario de doble chat\u00f3n con diamante talla brillante, elaborado en oro blanco paladiado de primera ley. Elaboraci\u00f3n artesanal.<\/p>\n","protected":false},"featured_media":1778,"comment_status":"open","ping_status":"closed","template":"","meta":{"ngg_post_thumbnail":0},"_links":{"self":[{"href":"https:\/\/www.eguzkilorejoya.com\/eguzkiboda\/wp-json\/wp\/v2\/product\/1777"}],"collection":[{"href":"https:\/\/www.eguzkilorejoya.com\/eguzkiboda\/wp-json\/wp\/v2\/product"}],"about":[{"href":"https:\/\/www.eguzkilorejoya.com\/eguzkiboda\/wp-json\/wp\/v2\/types\/product"}],"replies":[{"embeddable":true,"href":"https:\/\/www.eguzkilorejoya.com\/eguzkiboda\/wp-json\/wp\/v2\/comments?post=1777"}],"wp:featuredmedia":[{"embeddable":true,"href":"https:\/\/www.eguzkilorejoya.com\/eguzkiboda\/wp-json\/wp\/v2\/media\/1778"}],"wp:attachment":[{"href":"https:\/\/www.eguzkilorejoya.com\/eguzkiboda\/wp-json\/wp\/v2\/media?parent=1777"}],"curies":[{"name":"wp","href":"https:\/\/api.w.org\/{rel}","templated":true}]}}