{"id":1394,"date":"2020-06-07T16:35:01","date_gmt":"2020-06-07T14:35:01","guid":{"rendered":"https:\/\/www.eguzkilorejoya.com\/eguzkiboda\/?post_type=product&#038;p=1394"},"modified":"2020-06-07T21:33:11","modified_gmt":"2020-06-07T19:33:11","slug":"alianza-carbono-negrotitanio-y-diamantes-tf573677","status":"publish","type":"product","link":"https:\/\/www.eguzkilorejoya.com\/eguzkiboda\/joya\/alianzas-boda\/titan-factory\/alianza-carbono-negrotitanio-y-diamantes-tf573677","title":{"rendered":"Alianza Carbono Negro,Titanio y Diamantes TF573677"},"content":{"rendered":"<p><strong>Anillos de Carbono Negro y Titanio.<\/strong><\/p>\n<div><strong>Caracteristicas alianza chica:<\/strong><\/div>\n<div><strong>Piedras<\/strong>:<\/div>\n<div>Diamantes<\/div>\n<div><b>Calidad de diamante:<\/b><\/div>\n<div>w-si<\/div>\n<div><b>Grosor<\/b><br \/>\n2.1 mm<\/div>\n<div><b>Superficie<\/b><br \/>\nmate<\/div>\n<div><b>Ancho del anillo<\/b><br \/>\n4.5 mm<\/div>\n<div><b>Perfil del anillo<\/b><br \/>\nExterior recto \/ interior ligeramente curvado<\/div>\n<div><b>Peso de piedra<\/b><br \/>\n0.05 ct<\/div>\n<div>&nbsp;<\/div>\n<div><strong>Caracteristicas alianza chico:<\/strong><\/div>\n<div>\n<div><b>Grosor<\/b><br \/>\n2.1 mm<\/div>\n<div><b>Superficie<\/b><br \/>\nmate<\/div>\n<div><b>Ancho del anillo<\/b><br \/>\n4.5 mm<\/div>\n<div>\n<p><b>Perfil del anillo<\/b><\/p>\n<div>Exterior recto \/ interior ligeramente curvado<\/div>\n<div>&nbsp;<\/div>\n<div>La grabaci\u00f3n esta incluida en el precio y tenemos distintas tipograf\u00edas con diferentes s\u00edmbolos a elegir para personalizar a\u00fan mas las alianzas.<\/div>\n<div>\n<p><b>Todas nuestras alianzas se entregan con un certificado de Garant\u00eda en el que se explican las caracter\u00edsticas, solo los gem\u00f3logos profesionales como el que tenemos en nuestros talleres pueden certificar las cualidades de los diamantes y una Agenda de Novios para ir apuntando todos los detalles de la organizaci\u00f3n de la boda y un packaging exclusivo de Eguzkiboda.<\/b><\/p>\n<p>Si quieres verlas, solo tienes que solicitar cita previa y te las podr\u00e1s probar sin ning\u00fan compromiso en cualquiera de nuestras tiendas dentro de las tres provincias Vascas, <strong>Bilbao, Vitoria-Gasteiz, Donostia.<\/strong><\/p>\n<p>https:\/\/www.eguzkilorejoya.com\/joyerias<\/p>\n<p>En nuestras tiendas tenemos un espacio decorado y ambientado al mundo de las Bodas en los que se ayuda y asesora a las parejas que acuden para encontrar los anillos o las joyas que utilizaran uno de los d\u00edas mas importantes de su vida (el de su Boda) y el resto de su vida.<\/p>\n<p>&nbsp;<\/p>\n<\/div>\n<div>&nbsp;<\/div>\n<\/div>\n<\/div>\n","protected":false},"excerpt":{"rendered":"<p>Alianza de carbono y titanio, con cinco brillantes de 0,05ct en la de la mujer.<\/p>\n<p>Ancho de 4,5mm. Grosor 2,1mm.<\/p>\n<p>Calidad del diamante: w-s<\/p>\n","protected":false},"featured_media":1395,"comment_status":"open","ping_status":"closed","template":"","meta":{"ngg_post_thumbnail":0},"_links":{"self":[{"href":"https:\/\/www.eguzkilorejoya.com\/eguzkiboda\/wp-json\/wp\/v2\/product\/1394"}],"collection":[{"href":"https:\/\/www.eguzkilorejoya.com\/eguzkiboda\/wp-json\/wp\/v2\/product"}],"about":[{"href":"https:\/\/www.eguzkilorejoya.com\/eguzkiboda\/wp-json\/wp\/v2\/types\/product"}],"replies":[{"embeddable":true,"href":"https:\/\/www.eguzkilorejoya.com\/eguzkiboda\/wp-json\/wp\/v2\/comments?post=1394"}],"wp:featuredmedia":[{"embeddable":true,"href":"https:\/\/www.eguzkilorejoya.com\/eguzkiboda\/wp-json\/wp\/v2\/media\/1395"}],"wp:attachment":[{"href":"https:\/\/www.eguzkilorejoya.com\/eguzkiboda\/wp-json\/wp\/v2\/media?parent=1394"}],"curies":[{"name":"wp","href":"https:\/\/api.w.org\/{rel}","templated":true}]}}